{"id":2673,"date":"2024-08-15T14:58:13","date_gmt":"2024-08-15T14:58:13","guid":{"rendered":"https:\/\/kpsw6y2bgj.onrocket.site\/?page_id=2673"},"modified":"2024-08-15T15:11:41","modified_gmt":"2024-08-15T15:11:41","slug":"dr-marijan-zivkovic","status":"publish","type":"page","link":"https:\/\/markovdental.com\/en\/dr-marijan-zivkovic\/","title":{"rendered":"Dr Marijan \u017divkovi\u0107"},"content":{"rendered":"<div data-elementor-type=\"wp-page\" data-elementor-id=\"2673\" class=\"elementor elementor-2673\" data-elementor-post-type=\"page\">\n\t\t\t\t<div class=\"elementor-element elementor-element-5f931d4 e-flex e-con-boxed e-con e-parent\" data-id=\"5f931d4\" data-element_type=\"container\" data-e-type=\"container\" data-settings=\"{&quot;background_background&quot;:&quot;classic&quot;}\">\n\t\t\t\t\t<div class=\"e-con-inner\">\n\t\t<div class=\"elementor-element elementor-element-d8ac691 e-flex e-con-boxed e-con e-child\" data-id=\"d8ac691\" data-element_type=\"container\" data-e-type=\"container\">\n\t\t\t\t\t<div class=\"e-con-inner\">\n\t\t\t\t<div class=\"elementor-element elementor-element-b0bddcb elementor-widget elementor-widget-pt-heading\" data-id=\"b0bddcb\" data-element_type=\"widget\" data-e-type=\"widget\" data-widget_type=\"pt-heading.default\">\n\t\t\t\t<div class=\"elementor-widget-container\">\n\t\t\t\t\t\n\t\t<div class=\"pt-heading text-align-\">\n\t\t\t\t\t\t\t<p class=\"pt-heading-subtitle\">dentist<\/p>\n\t\t\t\n\t\t\t\t\t\t\t<h2 class=\"pt-heading-title h2\">\n\t\t\t\t\tDr Marijan \u017divkovi\u0107\t\t\t\t<\/h2>\n\t\t\t\t\t<\/div>\n\n\t\t\t\t\t\t<\/div>\n\t\t\t\t<\/div>\n\t\t\t\t<div class=\"elementor-element elementor-element-b13ad0b elementor-widget__width-initial elementor-widget elementor-widget-text-editor\" data-id=\"b13ad0b\" data-element_type=\"widget\" data-e-type=\"widget\" data-widget_type=\"text-editor.default\">\n\t\t\t\t<div class=\"elementor-widget-container\">\n\t\t\t\t\t\t\t\t\t<p>Dr. Marijan \u017divkovi\u0107 is a dentist at Markov Dental Clinic practice.\u00a0<\/p><p>Marijan \u017divkovi\u0107 was born on December 8, 1990 in Novi Sad. In his hometown, he graduated from the &quot;\u017darko Zrenjanin&quot; elementary school, then from the &quot;Jovan Jovanovi\u0107 Zmaj&quot; high school.\u00a0<\/p><p>In 2010, he entered the Faculty of Medicine, Department of Dentistry in Novi Sad. Already during his studies, he realized that skills, manual ability, and the ability to communicate with patients are very important both for working in the office and for raising awareness about oral hygiene. That is why already during his studies he became active and was present in leading or organizing student activities during the World Oral Health Day.<\/p><p>Also, already during his studies, he perfected his professional expression in Hungarian, German and English. Soon after, he finished his basic academic studies. He regularly completes his further professional training at endodontic seminars, and thus he first enrolled in November 2023 for &quot;Mechanical treatment of canals&quot; in Belgrade.<\/p><p>He actively follows the most modern world works and cases. Another field of interest for his training is &quot;Application of lasers in dentistry&quot;, which he attended in 2023 at a professional seminar in Novi Sad.<\/p>\t\t\t\t\t\t\t\t<\/div>\n\t\t\t\t<\/div>\n\t\t\t\t<div class=\"elementor-element elementor-element-3f25e6b elementor-absolute elementor-invisible elementor-widget elementor-widget-image\" data-id=\"3f25e6b\" data-element_type=\"widget\" data-e-type=\"widget\" data-settings=\"{&quot;_position&quot;:&quot;absolute&quot;,&quot;_animation&quot;:&quot;fadeIn&quot;}\" data-widget_type=\"image.default\">\n\t\t\t\t<div class=\"elementor-widget-container\">\n\t\t\t\t\t\t\t\t\t\t\t\t\t\t\t<img fetchpriority=\"high\" decoding=\"async\" width=\"900\" height=\"1200\" src=\"https:\/\/markovdental.com\/wp-content\/uploads\/2024\/08\/dr-marijan-zivkovic-stomatolog-novi-sad.webp\" class=\"attachment-full size-full wp-image-2676\" alt=\"dr marijan zivkovic dentist novi sad\" srcset=\"https:\/\/markovdental.com\/wp-content\/uploads\/2024\/08\/dr-marijan-zivkovic-stomatolog-novi-sad.webp 900w, https:\/\/markovdental.com\/wp-content\/uploads\/2024\/08\/dr-marijan-zivkovic-stomatolog-novi-sad-225x300.webp 225w, https:\/\/markovdental.com\/wp-content\/uploads\/2024\/08\/dr-marijan-zivkovic-stomatolog-novi-sad-768x1024.webp 768w, https:\/\/markovdental.com\/wp-content\/uploads\/2024\/08\/dr-marijan-zivkovic-stomatolog-novi-sad-9x12.webp 9w\" sizes=\"(max-width: 900px) 100vw, 900px\" \/>\t\t\t\t\t\t\t\t\t\t\t\t\t\t\t<\/div>\n\t\t\t\t<\/div>\n\t\t\t\t\t<\/div>\n\t\t\t\t<\/div>\n\t\t<div class=\"elementor-element elementor-element-14c41b7 e-con-full e-flex e-con e-child\" data-id=\"14c41b7\" data-element_type=\"container\" data-e-type=\"container\" data-settings=\"{&quot;background_background&quot;:&quot;gradient&quot;,&quot;position&quot;:&quot;absolute&quot;}\">\n\t\t\t\t<\/div>\n\t\t\t\t\t<\/div>\n\t\t\t\t<\/div>\n\t\t<div class=\"elementor-element elementor-element-b6fc03a e-flex e-con-boxed e-con e-parent\" data-id=\"b6fc03a\" data-element_type=\"container\" data-e-type=\"container\">\n\t\t\t\t\t<div class=\"e-con-inner\">\n\t\t\t\t<div class=\"elementor-element elementor-element-670df4e elementor-widget elementor-widget-pt-heading\" data-id=\"670df4e\" data-element_type=\"widget\" data-e-type=\"widget\" data-widget_type=\"pt-heading.default\">\n\t\t\t\t<div class=\"elementor-widget-container\">\n\t\t\t\t\t\n\t\t<div class=\"pt-heading text-align-center\">\n\t\t\t\t\t\t\t<p class=\"pt-heading-subtitle\">Behind our words stand our deeds. Behind our deeds stands our knowledge.<\/p>\n\t\t\t\n\t\t\t\t\t\t\t<h2 class=\"pt-heading-title h2\">\n\t\t\t\t\tThe smiles of our patients\t\t\t\t<\/h2>\n\t\t\t\t\t<\/div>\n\n\t\t\t\t\t\t<\/div>\n\t\t\t\t<\/div>\n\t\t<div class=\"elementor-element elementor-element-022788a e-flex e-con-boxed e-con e-child\" data-id=\"022788a\" data-element_type=\"container\" data-e-type=\"container\">\n\t\t\t\t\t<div class=\"e-con-inner\">\n\t\t\t\t<div class=\"elementor-element elementor-element-2b24f1e elementor-invisible elementor-widget elementor-widget-pt-portfolio\" data-id=\"2b24f1e\" data-element_type=\"widget\" data-e-type=\"widget\" data-settings=\"{&quot;type&quot;:&quot;justified&quot;,&quot;_animation&quot;:&quot;fadeInUp&quot;,&quot;navigation&quot;:&quot;none&quot;}\" data-widget_type=\"pt-portfolio.default\">\n\t\t\t\t<div class=\"elementor-widget-container\">\n\t\t\t\t\t\r\n\t\t\t\t\t<div class=\"pt-portfolio portfolio-block filter-block portfolio-type-justified  popup-gallery\" data-popup-settings=\"{&quot;popupTitle&quot;:false,&quot;popupDesc&quot;:false}\">\r\n\t\t\t\t\r\n\t\t\t\t<div class=\"row isotope\">\r\n\t\t\t\t\t<div class=\"grid-sizer col-1\"><\/div>\r\n\t\t\t\t\t\r\n\t\t\t\t\t\t\t<article data-index=\"0\" class=\"portfolio-item istp-item category-35 category-38 category-10 popup-item\">\r\n\t\t\t<div class=\"wrap\">\r\n\t\t\t\t<div class=\"entry-thumb portfolio\">\r\n\t\t\t\t\t<a href=\"#\" data-popup-json=\"{&quot;title&quot;:&quot;ALL ON 6 ZIGOMATI\\u010cNI IMPLANTI&quot;,&quot;desc&quot;:&quot;\\\/*! elementor - v3.23.0 - 05-08-2024 *\\\/\\n.elementor-widget-image{text-align:center}.elementor-widget-image a{display:inline-block}.element...&quot;,&quot;image&quot;:{&quot;url&quot;:&quot;https:\\\/\\\/markovdental.com\\\/wp-content\\\/uploads\\\/2024\\\/08\\\/ALL-ON-6-ZIGOMATICNI-IMPLANTI-ALL-ON-4.webp&quot;,&quot;w&quot;:1176,&quot;h&quot;:858},&quot;post_id&quot;:2821,&quot;likes&quot;:0,&quot;projectLink&quot;:&quot;https:\\\/\\\/markovdental.com\\\/en\\\/pt-portfolio\\\/all-on-6-zigomaticni-implanti\\\/&quot;}\" data-id=\"0\" data-filled-cursor=\"true\" >\r\n\t\t\t\t\t\t<img decoding=\"async\" width=\"1024\" height=\"747\" src=\"https:\/\/markovdental.com\/wp-content\/uploads\/2024\/08\/ALL-ON-6-ZIGOMATICNI-IMPLANTI-ALL-ON-4-1024x747.webp\" class=\"attachment-large size-large\" alt=\"ALL ON 6 ZYGOMATIC IMPLANTS ALL ON 4\" srcset=\"https:\/\/markovdental.com\/wp-content\/uploads\/2024\/08\/ALL-ON-6-ZIGOMATICNI-IMPLANTI-ALL-ON-4-1024x747.webp 1024w, https:\/\/markovdental.com\/wp-content\/uploads\/2024\/08\/ALL-ON-6-ZIGOMATICNI-IMPLANTI-ALL-ON-4-300x219.webp 300w, https:\/\/markovdental.com\/wp-content\/uploads\/2024\/08\/ALL-ON-6-ZIGOMATICNI-IMPLANTI-ALL-ON-4-768x560.webp 768w, https:\/\/markovdental.com\/wp-content\/uploads\/2024\/08\/ALL-ON-6-ZIGOMATICNI-IMPLANTI-ALL-ON-4-16x12.webp 16w, https:\/\/markovdental.com\/wp-content\/uploads\/2024\/08\/ALL-ON-6-ZIGOMATICNI-IMPLANTI-ALL-ON-4.webp 1176w\" sizes=\"(max-width: 1024px) 100vw, 1024px\" \/>\t\t\t\t\t<\/a>\r\n\t\t\t\t<\/div>\r\n\r\n\t\t\t\t<div class=\"entry-caption\">\r\n\t\t\t\t\t\r\n\t\t\t\t\t<h6 class=\"entry-title\">\r\n\t\t\t\t\t\t<a href=\"#\" data-popup-json=\"{&quot;title&quot;:&quot;ALL ON 6 ZIGOMATI\\u010cNI IMPLANTI&quot;,&quot;desc&quot;:&quot;\\\/*! elementor - v3.23.0 - 05-08-2024 *\\\/\\n.elementor-widget-image{text-align:center}.elementor-widget-image a{display:inline-block}.element...&quot;,&quot;image&quot;:{&quot;url&quot;:&quot;https:\\\/\\\/markovdental.com\\\/wp-content\\\/uploads\\\/2024\\\/08\\\/ALL-ON-6-ZIGOMATICNI-IMPLANTI-ALL-ON-4.webp&quot;,&quot;w&quot;:1176,&quot;h&quot;:858},&quot;post_id&quot;:2821,&quot;likes&quot;:0,&quot;projectLink&quot;:&quot;https:\\\/\\\/markovdental.com\\\/en\\\/pt-portfolio\\\/all-on-6-zigomaticni-implanti\\\/&quot;}\" data-id=\"0\" data-filled-cursor=\"true\" >\r\n\t\t\t\t\t\t\tALL ON 6 ZYGOMATIC IMPLANTS\t\t\t\t\t\t<\/a>\r\n\t\t\t\t\t<\/h6>\r\n\t\t\t\t<\/div>\r\n\t\t\t<\/div>\r\n\t\t<\/article>\r\n\t\t\t\t<article data-index=\"1\" class=\"portfolio-item istp-item category-33 category-10 popup-item\">\r\n\t\t\t<div class=\"wrap\">\r\n\t\t\t\t<div class=\"entry-thumb portfolio\">\r\n\t\t\t\t\t<a href=\"#\" data-popup-json=\"{&quot;title&quot;:&quot;PROTEZA NA KOP\\u010cANJE I HIBRIDNI MOST NA IMPLANTIMA&quot;,&quot;desc&quot;:&quot;\\\/*! elementor - v3.23.0 - 05-08-2024 *\\\/\\n.elementor-widget-image{text-align:center}.elementor-widget-image a{display:inline-block}.element...&quot;,&quot;image&quot;:{&quot;url&quot;:&quot;https:\\\/\\\/markovdental.com\\\/wp-content\\\/uploads\\\/2024\\\/07\\\/slucaj-3-all-on-4-all-on-6.webp&quot;,&quot;w&quot;:1176,&quot;h&quot;:858},&quot;post_id&quot;:2698,&quot;likes&quot;:0,&quot;projectLink&quot;:&quot;https:\\\/\\\/markovdental.com\\\/en\\\/pt-portfolio\\\/proteza-na-kopcanje-i-hibridni-most-na-implantima\\\/&quot;}\" data-id=\"1\" data-filled-cursor=\"true\" >\r\n\t\t\t\t\t\t<img decoding=\"async\" width=\"1024\" height=\"747\" src=\"https:\/\/markovdental.com\/wp-content\/uploads\/2024\/08\/all-on-4-all-on-6.webp\" class=\"attachment-large size-large\" alt=\"case 3 all on 4 all on 6\" srcset=\"https:\/\/markovdental.com\/wp-content\/uploads\/2024\/08\/all-on-4-all-on-6.webp 1176w, https:\/\/markovdental.com\/wp-content\/uploads\/2024\/08\/all-on-4-all-on-6-300x219.webp 300w, https:\/\/markovdental.com\/wp-content\/uploads\/2024\/08\/all-on-4-all-on-6-1024x747.webp 1024w, https:\/\/markovdental.com\/wp-content\/uploads\/2024\/08\/all-on-4-all-on-6-768x560.webp 768w, https:\/\/markovdental.com\/wp-content\/uploads\/2024\/08\/all-on-4-all-on-6-16x12.webp 16w\" sizes=\"(max-width: 1024px) 100vw, 1024px\" \/>\t\t\t\t\t<\/a>\r\n\t\t\t\t<\/div>\r\n\r\n\t\t\t\t<div class=\"entry-caption\">\r\n\t\t\t\t\t\r\n\t\t\t\t\t<h6 class=\"entry-title\">\r\n\t\t\t\t\t\t<a href=\"#\" data-popup-json=\"{&quot;title&quot;:&quot;PROTEZA NA KOP\\u010cANJE I HIBRIDNI MOST NA IMPLANTIMA&quot;,&quot;desc&quot;:&quot;\\\/*! elementor - v3.23.0 - 05-08-2024 *\\\/\\n.elementor-widget-image{text-align:center}.elementor-widget-image a{display:inline-block}.element...&quot;,&quot;image&quot;:{&quot;url&quot;:&quot;https:\\\/\\\/markovdental.com\\\/wp-content\\\/uploads\\\/2024\\\/07\\\/slucaj-3-all-on-4-all-on-6.webp&quot;,&quot;w&quot;:1176,&quot;h&quot;:858},&quot;post_id&quot;:2698,&quot;likes&quot;:0,&quot;projectLink&quot;:&quot;https:\\\/\\\/markovdental.com\\\/en\\\/pt-portfolio\\\/proteza-na-kopcanje-i-hibridni-most-na-implantima\\\/&quot;}\" data-id=\"1\" data-filled-cursor=\"true\" >\r\n\t\t\t\t\t\t\tCLAMP DENTURE AND HYBRID BRIDGE ON IMPLANTS\t\t\t\t\t\t<\/a>\r\n\t\t\t\t\t<\/h6>\r\n\t\t\t\t<\/div>\r\n\t\t\t<\/div>\r\n\t\t<\/article>\r\n\t\t\t\t<article data-index=\"2\" class=\"portfolio-item istp-item category-33 category-34 category-10 popup-item\">\r\n\t\t\t<div class=\"wrap\">\r\n\t\t\t\t<div class=\"entry-thumb portfolio\">\r\n\t\t\t\t\t<a href=\"#\" data-popup-json=\"{&quot;title&quot;:&quot;ALL ON 4 U GORNJOJ I ALL ON 5 U DONJOJ VILICI&quot;,&quot;desc&quot;:&quot;\\n\\t\\t\\t\\t\\tInformacije o slu\\u010daju\\t\\t\\t\\t\\n\\t\\t\\t\\\/*! elementor - v3.23.0 - 05-08-2024 *\\\/\\n.elementor-widget-divider{--divider-border-style:none;--divide...&quot;,&quot;image&quot;:{&quot;url&quot;:&quot;https:\\\/\\\/markovdental.com\\\/wp-content\\\/uploads\\\/2023\\\/12\\\/pacijent-1-konacno-resenje-all-on-4-all-on-5-zubni-implanti.webp&quot;,&quot;w&quot;:1176,&quot;h&quot;:858},&quot;post_id&quot;:2696,&quot;likes&quot;:0,&quot;projectLink&quot;:&quot;https:\\\/\\\/markovdental.com\\\/en\\\/pt-portfolio\\\/slucaj-2-all-on-4-i-all-on-5-zubni-implanti\\\/&quot;}\" data-id=\"2\" data-filled-cursor=\"true\" >\r\n\t\t\t\t\t\t<img loading=\"lazy\" decoding=\"async\" width=\"1024\" height=\"747\" src=\"https:\/\/markovdental.com\/wp-content\/uploads\/2023\/12\/pacijent-1-konacno-resenje-all-on-4-all-on-5-zubni-implanti-1024x747.webp\" class=\"attachment-large size-large\" alt=\"patient 1 - final solution - all on 4 all on 5 dental implants\" srcset=\"https:\/\/markovdental.com\/wp-content\/uploads\/2023\/12\/pacijent-1-konacno-resenje-all-on-4-all-on-5-zubni-implanti-1024x747.webp 1024w, https:\/\/markovdental.com\/wp-content\/uploads\/2023\/12\/pacijent-1-konacno-resenje-all-on-4-all-on-5-zubni-implanti-300x219.webp 300w, https:\/\/markovdental.com\/wp-content\/uploads\/2023\/12\/pacijent-1-konacno-resenje-all-on-4-all-on-5-zubni-implanti-768x560.webp 768w, https:\/\/markovdental.com\/wp-content\/uploads\/2023\/12\/pacijent-1-konacno-resenje-all-on-4-all-on-5-zubni-implanti.webp 1176w\" sizes=\"(max-width: 1024px) 100vw, 1024px\" \/>\t\t\t\t\t<\/a>\r\n\t\t\t\t<\/div>\r\n\r\n\t\t\t\t<div class=\"entry-caption\">\r\n\t\t\t\t\t\r\n\t\t\t\t\t<h6 class=\"entry-title\">\r\n\t\t\t\t\t\t<a href=\"#\" data-popup-json=\"{&quot;title&quot;:&quot;ALL ON 4 U GORNJOJ I ALL ON 5 U DONJOJ VILICI&quot;,&quot;desc&quot;:&quot;\\n\\t\\t\\t\\t\\tInformacije o slu\\u010daju\\t\\t\\t\\t\\n\\t\\t\\t\\\/*! elementor - v3.23.0 - 05-08-2024 *\\\/\\n.elementor-widget-divider{--divider-border-style:none;--divide...&quot;,&quot;image&quot;:{&quot;url&quot;:&quot;https:\\\/\\\/markovdental.com\\\/wp-content\\\/uploads\\\/2023\\\/12\\\/pacijent-1-konacno-resenje-all-on-4-all-on-5-zubni-implanti.webp&quot;,&quot;w&quot;:1176,&quot;h&quot;:858},&quot;post_id&quot;:2696,&quot;likes&quot;:0,&quot;projectLink&quot;:&quot;https:\\\/\\\/markovdental.com\\\/en\\\/pt-portfolio\\\/slucaj-2-all-on-4-i-all-on-5-zubni-implanti\\\/&quot;}\" data-id=\"2\" data-filled-cursor=\"true\" >\r\n\t\t\t\t\t\t\tALL ON 4 IN THE UPPER AND ALL ON 5 IN THE LOWER JAW\t\t\t\t\t\t<\/a>\r\n\t\t\t\t\t<\/h6>\r\n\t\t\t\t<\/div>\r\n\t\t\t<\/div>\r\n\t\t<\/article>\r\n\t\t\t\t<article data-index=\"3\" class=\"portfolio-item istp-item category-33 category-10 popup-item\">\r\n\t\t\t<div class=\"wrap\">\r\n\t\t\t\t<div class=\"entry-thumb portfolio\">\r\n\t\t\t\t\t<a href=\"#\" data-popup-json=\"{&quot;title&quot;:&quot;POTPUNA REKONSTRUKCIJA ZUBA U GORNJOJ I DONJOJ VILICI ALL ON 4 METODOM&quot;,&quot;desc&quot;:&quot;\\\/*! elementor - v3.22.0 - 26-06-2024 *\\\/\\r\\n.elementor-widget-image{text-align:center}.elementor-widget-image a{display:inline-block}.elemen...&quot;,&quot;image&quot;:{&quot;url&quot;:&quot;https:\\\/\\\/markovdental.com\\\/wp-content\\\/uploads\\\/2024\\\/07\\\/slucaj-3-all-on-4-donja-i-gornja-vilica-zubni-implanti.webp&quot;,&quot;w&quot;:1176,&quot;h&quot;:858},&quot;post_id&quot;:2440,&quot;likes&quot;:0,&quot;projectLink&quot;:&quot;https:\\\/\\\/markovdental.com\\\/en\\\/pt-portfolio\\\/slucaj-2-all-on-4-zubni-implanti-obe-vilice\\\/&quot;}\" data-id=\"3\" data-filled-cursor=\"true\" >\r\n\t\t\t\t\t\t<img loading=\"lazy\" decoding=\"async\" width=\"1024\" height=\"747\" src=\"https:\/\/markovdental.com\/wp-content\/uploads\/2024\/08\/all-on-4-patient.webp\" class=\"attachment-large size-large\" alt=\"case 2 all on 4 lower and upper jaw dental implants\" srcset=\"https:\/\/markovdental.com\/wp-content\/uploads\/2024\/08\/all-on-4-patient.webp 1176w, https:\/\/markovdental.com\/wp-content\/uploads\/2024\/08\/all-on-4-patient-300x219.webp 300w, https:\/\/markovdental.com\/wp-content\/uploads\/2024\/08\/all-on-4-patient-1024x747.webp 1024w, https:\/\/markovdental.com\/wp-content\/uploads\/2024\/08\/all-on-4-patient-768x560.webp 768w, https:\/\/markovdental.com\/wp-content\/uploads\/2024\/08\/all-on-4-patient-16x12.webp 16w\" sizes=\"(max-width: 1024px) 100vw, 1024px\" \/>\t\t\t\t\t<\/a>\r\n\t\t\t\t<\/div>\r\n\r\n\t\t\t\t<div class=\"entry-caption\">\r\n\t\t\t\t\t\r\n\t\t\t\t\t<h6 class=\"entry-title\">\r\n\t\t\t\t\t\t<a href=\"#\" data-popup-json=\"{&quot;title&quot;:&quot;POTPUNA REKONSTRUKCIJA ZUBA U GORNJOJ I DONJOJ VILICI ALL ON 4 METODOM&quot;,&quot;desc&quot;:&quot;\\\/*! elementor - v3.22.0 - 26-06-2024 *\\\/\\r\\n.elementor-widget-image{text-align:center}.elementor-widget-image a{display:inline-block}.elemen...&quot;,&quot;image&quot;:{&quot;url&quot;:&quot;https:\\\/\\\/markovdental.com\\\/wp-content\\\/uploads\\\/2024\\\/07\\\/slucaj-3-all-on-4-donja-i-gornja-vilica-zubni-implanti.webp&quot;,&quot;w&quot;:1176,&quot;h&quot;:858},&quot;post_id&quot;:2440,&quot;likes&quot;:0,&quot;projectLink&quot;:&quot;https:\\\/\\\/markovdental.com\\\/en\\\/pt-portfolio\\\/slucaj-2-all-on-4-zubni-implanti-obe-vilice\\\/&quot;}\" data-id=\"3\" data-filled-cursor=\"true\" >\r\n\t\t\t\t\t\t\tCOMPLETE RECONSTRUCTION OF TEETH IN THE UPPER AND LOWER JAW WITH THE ALL ON 4 METHOD\t\t\t\t\t\t<\/a>\r\n\t\t\t\t\t<\/h6>\r\n\t\t\t\t<\/div>\r\n\t\t\t<\/div>\r\n\t\t<\/article>\r\n\t\t\t\t\t\t<\/div>\r\n\r\n\t\t\t\t\t\t\t<\/div>\r\n\t\t\t\t\t\t<\/div>\n\t\t\t\t<\/div>\n\t\t\t\t<div class=\"elementor-element elementor-element-95fa86c elementor-absolute elementor-invisible elementor-widget elementor-widget-pt-button\" data-id=\"95fa86c\" data-element_type=\"widget\" data-e-type=\"widget\" data-settings=\"{&quot;_position&quot;:&quot;absolute&quot;,&quot;_animation&quot;:&quot;fadeIn&quot;,&quot;_animation_delay&quot;:600}\" data-widget_type=\"pt-button.default\">\n\t\t\t\t<div class=\"elementor-widget-container\">\n\t\t\t\t\t\n\t\t<a class=\"pt-button filled\" href=\"https:\/\/markovdental.com\/en\/portfolio\/\">\n\t\t\t<span>View the portfolio<\/span>\n\t\t\t<i aria-hidden=\"true\" class=\"pticon pticon-arrow-right\"><\/i>\t\t<\/a>\n\n\t\t\t\t\t\t<\/div>\n\t\t\t\t<\/div>\n\t\t\t\t\t<\/div>\n\t\t\t\t<\/div>\n\t\t\t\t\t<\/div>\n\t\t\t\t<\/div>\n\t\t<div class=\"elementor-element elementor-element-a03c0d6 e-flex e-con-boxed elementor-invisible e-con e-child\" data-id=\"a03c0d6\" data-element_type=\"container\" data-e-type=\"container\" data-settings=\"{&quot;background_background&quot;:&quot;classic&quot;,&quot;shape_divider_top&quot;:&quot;curve&quot;,&quot;animation&quot;:&quot;fadeInUp&quot;}\">\n\t\t\t\t\t<div class=\"e-con-inner\">\n\t\t\t\t<div class=\"elementor-shape elementor-shape-top\" aria-hidden=\"true\" data-negative=\"false\">\n\t\t\t<svg xmlns=\"http:\/\/www.w3.org\/2000\/svg\" viewbox=\"0 0 1000 100\" preserveaspectratio=\"none\">\n    <path class=\"elementor-shape-fill\" d=\"M1000,4.3V0H0v4.3C0.9,23.1,126.7,99.2,500,100S1000,22.7,1000,4.3z\"\/>\n<\/svg>\t\t<\/div>\n\t\t<div class=\"elementor-element elementor-element-a360ef2 e-flex e-con-boxed e-con e-child\" data-id=\"a360ef2\" data-element_type=\"container\" data-e-type=\"container\">\n\t\t\t\t\t<div class=\"e-con-inner\">\n\t\t\t\t<div class=\"elementor-element elementor-element-d940797 elementor-widget elementor-widget-pt-heading\" data-id=\"d940797\" data-element_type=\"widget\" data-e-type=\"widget\" data-widget_type=\"pt-heading.default\">\n\t\t\t\t<div class=\"elementor-widget-container\">\n\t\t\t\t\t\n\t\t<div class=\"pt-heading text-align-\">\n\t\t\t\n\t\t\t\t\t\t\t<h3 class=\"pt-heading-title h3\">\n\t\t\t\t\tWant to schedule a consultation?\t\t\t\t<\/h3>\n\t\t\t\t\t<\/div>\n\n\t\t\t\t\t\t<\/div>\n\t\t\t\t<\/div>\n\t\t\t\t<div class=\"elementor-element elementor-element-ab0fe7a elementor-widget elementor-widget-pt-button\" data-id=\"ab0fe7a\" data-element_type=\"widget\" data-e-type=\"widget\" data-widget_type=\"pt-button.default\">\n\t\t\t\t<div class=\"elementor-widget-container\">\n\t\t\t\t\t\n\t\t<a class=\"pt-button filled\" href=\"https:\/\/markovdental.com\/en\/contact\/\">\n\t\t\t<span>Contact us<\/span>\n\t\t\t<i aria-hidden=\"true\" class=\"pticon pticon-arrow-right\"><\/i>\t\t<\/a>\n\n\t\t\t\t\t\t<\/div>\n\t\t\t\t<\/div>\n\t\t\t\t\t<\/div>\n\t\t\t\t<\/div>\n\t\t\t\t\t<\/div>\n\t\t\t\t<\/div>\n\t\t\t\t<\/div>","protected":false},"excerpt":{"rendered":"<p>stomatolog dr Marijan \u017divkovi\u0107 dr Marijan \u017divkovi\u0107 je stomatolog u Markov Dental Clinic ordinaciji.\u00a0 Marijan \u017divkovi\u0107 je ro\u0111en 08. 12. 1990. u Novom Sadu.\u00a0U&#8230;<\/p>","protected":false},"author":1,"featured_media":0,"parent":0,"menu_order":0,"comment_status":"closed","ping_status":"closed","template":"","meta":{"_acf_changed":false,"footnotes":""},"class_list":["post-2673","page","type-page","status-publish","hentry"],"acf":[],"_links":{"self":[{"href":"https:\/\/markovdental.com\/en\/wp-json\/wp\/v2\/pages\/2673","targetHints":{"allow":["GET"]}}],"collection":[{"href":"https:\/\/markovdental.com\/en\/wp-json\/wp\/v2\/pages"}],"about":[{"href":"https:\/\/markovdental.com\/en\/wp-json\/wp\/v2\/types\/page"}],"author":[{"embeddable":true,"href":"https:\/\/markovdental.com\/en\/wp-json\/wp\/v2\/users\/1"}],"replies":[{"embeddable":true,"href":"https:\/\/markovdental.com\/en\/wp-json\/wp\/v2\/comments?post=2673"}],"version-history":[{"count":0,"href":"https:\/\/markovdental.com\/en\/wp-json\/wp\/v2\/pages\/2673\/revisions"}],"wp:attachment":[{"href":"https:\/\/markovdental.com\/en\/wp-json\/wp\/v2\/media?parent=2673"}],"curies":[{"name":"wp","href":"https:\/\/api.w.org\/{rel}","templated":true}]}}