{"id":27,"date":"2023-12-11T15:33:32","date_gmt":"2023-12-11T15:33:32","guid":{"rendered":"https:\/\/promo-theme.com\/densmi\/?page_id=27"},"modified":"2025-08-09T10:07:26","modified_gmt":"2025-08-09T10:07:26","slug":"politika-privatnosti-2","status":"publish","type":"page","link":"https:\/\/markovdental.com\/en\/politika-privatnosti-2\/","title":{"rendered":"Politike privatnosti i kola\u010di\u0107a"},"content":{"rendered":"\t\t<div data-elementor-type=\"wp-page\" data-elementor-id=\"27\" class=\"elementor elementor-27\" data-elementor-post-type=\"page\">\n\t\t\t\t<div class=\"elementor-element elementor-element-094712d e-flex e-con-boxed e-con e-parent\" data-id=\"094712d\" data-element_type=\"container\" data-e-type=\"container\" data-settings=\"{&quot;background_background&quot;:&quot;classic&quot;}\">\n\t\t\t\t\t<div class=\"e-con-inner\">\n\t\t\t\t<div class=\"elementor-element elementor-element-caf7b1d elementor-widget elementor-widget-pt-heading\" data-id=\"caf7b1d\" data-element_type=\"widget\" data-e-type=\"widget\" data-widget_type=\"pt-heading.default\">\n\t\t\t\t<div class=\"elementor-widget-container\">\n\t\t\t\t\t\n\t\t<div class=\"pt-heading text-align-\">\n\t\t\t\t\t\t\t<p class=\"pt-heading-subtitle\">Markov Dental Clinic<\/p>\n\t\t\t\n\t\t\t\t\t\t\t<h1 class=\"pt-heading-title h2\">\n\t\t\t\t\tPolitike privatnosti i kola\u010di\u0107a\t\t\t\t<\/h1>\n\t\t\t\t\t<\/div>\n\n\t\t\t\t\t\t<\/div>\n\t\t\t\t<\/div>\n\t\t\t\t<div class=\"elementor-element elementor-element-a1ceb1a elementor-widget-divider--separator-type-pattern elementor-widget-divider--view-line elementor-widget elementor-widget-divider\" data-id=\"a1ceb1a\" data-element_type=\"widget\" data-e-type=\"widget\" data-widget_type=\"divider.default\">\n\t\t\t\t<div class=\"elementor-widget-container\">\n\t\t\t\t\t\t\t<div class=\"elementor-divider\" style=\"--divider-pattern-url: url(&quot;data:image\/svg+xml,%3Csvg xmlns=&#039;http:\/\/www.w3.org\/2000\/svg&#039; preserveAspectRatio=&#039;none&#039; overflow=&#039;visible&#039; height=&#039;100%&#039; viewBox=&#039;0 0 24 24&#039; fill=&#039;black&#039; stroke=&#039;none&#039;%3E%3Cpolygon points=&#039;9.4,2 24,2 14.6,21.6 0,21.6&#039;\/%3E%3C\/svg%3E&quot;);\">\n\t\t\t<span class=\"elementor-divider-separator\">\n\t\t\t\t\t\t<\/span>\n\t\t<\/div>\n\t\t\t\t\t\t<\/div>\n\t\t\t\t<\/div>\n\t\t\t\t<div class=\"elementor-element elementor-element-e5c2238 elementor-invisible elementor-widget elementor-widget-text-editor\" data-id=\"e5c2238\" data-element_type=\"widget\" data-e-type=\"widget\" data-settings=\"{&quot;_animation&quot;:&quot;fadeIn&quot;}\" data-widget_type=\"text-editor.default\">\n\t\t\t\t<div class=\"elementor-widget-container\">\n\t\t\t\t\t\t\t\t\t<h2 data-start=\"288\" data-end=\"323\">Politika kola\u010di\u0107a (Cookie Policy)<\/h2>\n<p><strong data-start=\"325\" data-end=\"349\">Markov Dental Clinic<\/strong> (u daljem tekstu: \u201eMi\u201c ili \u201eNa\u0161 sajt\u201c) koristi kola\u010di\u0107e i sli\u010dne tehnologije kako bismo unapredili korisni\u010dko iskustvo, pratili posete sajtu i omogu\u0107ili personalizovanu reklamu.<\/p>\n<p><strong>\u0160ta su kola\u010di\u0107i?<\/strong><\/p>\n<p>Kola\u010di\u0107i su male tekstualne datoteke koje se \u010duvaju na va\u0161em ure\u0111aju kada pose\u0107ujete sajt. Oni nam poma\u017eu da zapamtimo va\u0161e izbore i da analiziramo kori\u0161\u0107enje sajta.<\/p>\n<p data-start=\"718\" data-end=\"746\"><strong>Koje kola\u010di\u0107e koristimo?<\/strong><\/p>\n<p>Na na\u0161em sajtu koristimo slede\u0107e vrste kola\u010di\u0107a:<\/p>\n<ul data-start=\"798\" data-end=\"1219\">\n<li data-start=\"798\" data-end=\"924\"><strong data-start=\"800\" data-end=\"823\">Neophodni kola\u010di\u0107i:<\/strong> Omogu\u0107avaju osnovne funkcionalnosti sajta, kao \u0161to su sigurnost i pristup korisni\u010dkim pode\u0161avanjima.<\/li>\n<li data-start=\"925\" data-end=\"1084\"><strong data-start=\"927\" data-end=\"951\">Analiti\u010dki kola\u010di\u0107i:<\/strong> Koristimo Google Analytics preko Google Tag Manager-a da bismo pratili kako posetioci koriste sajt i unapredili njegove performanse.<\/li>\n<li data-start=\"1085\" data-end=\"1219\"><strong data-start=\"1087\" data-end=\"1110\">Marketing kola\u010di\u0107i:<\/strong> Koristimo Facebook Pixel i Google Ads kola\u010di\u0107e za prikazivanje relevantnih oglasa i merenje njihovog u\u010dinka.<\/li>\n<\/ul>\n<p data-start=\"1221\" data-end=\"1246\"><strong>Pristanak na kola\u010di\u0107e<\/strong><\/p>\n<p>Za upravljanje kola\u010di\u0107ima koristimo Complianz plugin koji omogu\u0107ava korisnicima da daju saglasnost za kori\u0161\u0107enje kola\u010di\u0107a u skladu sa GDPR regulativom. Mo\u017eete prilagoditi svoja pode\u0161avanja kola\u010di\u0107a u bilo kom trenutku preko dostupnih opcija na sajtu.<\/p>\n<p data-start=\"1500\" data-end=\"1514\"><strong>Va\u0161a prava<\/strong><\/p>\n<p>Imate pravo da odbijete ili prihvatite kori\u0161\u0107enje kola\u010di\u0107a, kao i pravo da povu\u010dete svoj pristanak u bilo kom trenutku. Tako\u0111e, imate pravo na pristup, ispravku i brisanje svojih li\u010dnih podataka koje prikupljamo putem sajta.<\/p>\n<p data-start=\"1742\" data-end=\"1753\"><strong>Kontakt<\/strong><\/p>\n<p>Za sva pitanja u vezi sa politikom kola\u010di\u0107a i za\u0161titom podataka, mo\u017eete nas kontaktirati putem email adrese: [<a class=\"cursor-pointer\" rel=\"noopener\">office@markovdental.com<\/a>]<\/p>\t\t\t\t\t\t\t\t<\/div>\n\t\t\t\t<\/div>\n\t\t\t\t<div class=\"elementor-element elementor-element-3cd68fd elementor-widget-divider--separator-type-pattern elementor-widget-divider--view-line elementor-widget elementor-widget-divider\" data-id=\"3cd68fd\" data-element_type=\"widget\" data-e-type=\"widget\" data-widget_type=\"divider.default\">\n\t\t\t\t<div class=\"elementor-widget-container\">\n\t\t\t\t\t\t\t<div class=\"elementor-divider\" style=\"--divider-pattern-url: url(&quot;data:image\/svg+xml,%3Csvg xmlns=&#039;http:\/\/www.w3.org\/2000\/svg&#039; preserveAspectRatio=&#039;none&#039; overflow=&#039;visible&#039; height=&#039;100%&#039; viewBox=&#039;0 0 24 24&#039; fill=&#039;black&#039; stroke=&#039;none&#039;%3E%3Cpolygon points=&#039;9.4,2 24,2 14.6,21.6 0,21.6&#039;\/%3E%3C\/svg%3E&quot;);\">\n\t\t\t<span class=\"elementor-divider-separator\">\n\t\t\t\t\t\t<\/span>\n\t\t<\/div>\n\t\t\t\t\t\t<\/div>\n\t\t\t\t<\/div>\n\t\t\t\t\t<\/div>\n\t\t\t\t<\/div>\n\t\t<div class=\"elementor-element elementor-element-c438e3a e-flex e-con-boxed e-con e-child\" data-id=\"c438e3a\" data-element_type=\"container\" data-e-type=\"container\">\n\t\t\t\t\t<div class=\"e-con-inner\">\n\t\t\t\t<div class=\"elementor-element elementor-element-218da85 elementor-invisible elementor-widget elementor-widget-text-editor\" data-id=\"218da85\" data-element_type=\"widget\" data-e-type=\"widget\" data-settings=\"{&quot;_animation&quot;:&quot;fadeIn&quot;}\" data-widget_type=\"text-editor.default\">\n\t\t\t\t<div class=\"elementor-widget-container\">\n\t\t\t\t\t\t\t\t\t<h1 data-start=\"1900\" data-end=\"1942\">Izjava o privatnosti (Privacy Statement)<\/h1>\n<p data-start=\"1944\" data-end=\"2093\"><strong data-start=\"1944\" data-end=\"1968\">Markov Dental Clinic<\/strong> se obavezuje da \u0161titi va\u0161u privatnost i da obra\u0111uje va\u0161e li\u010dne podatke u skladu sa Op\u0161tom uredbom o za\u0161titi podataka (GDPR).<\/p>\n<p data-start=\"2095\" data-end=\"2124\"><strong>Koje podatke prikupljamo?<\/strong><\/p>\n<p data-start=\"2126\" data-end=\"2310\">Prikupljamo samo podatke koje nam dobrovoljno pru\u017eite, kao \u0161to su ime, prezime, email adresa, broj telefona i informacije koje koristimo za zakazivanje termina ili kontakt putem sajta.<\/p>\n<p data-start=\"2312\" data-end=\"2511\">Pored toga, putem Google Analytics-a i Facebook pixela prikupljamo anonimne informacije o kori\u0161\u0107enju sajta (kao \u0161to su IP adresa, vrsta ure\u0111aja, posete stranica) radi pobolj\u0161anja usluga i marketinga.<\/p>\n<p data-start=\"2513\" data-end=\"2540\"><strong>Kako koristimo podatke?<\/strong><\/p>\n<p data-start=\"2542\" data-end=\"2579\">Va\u0161e podatke koristimo isklju\u010divo za:<\/p>\n<ul data-start=\"2581\" data-end=\"2791\">\n<li data-start=\"2581\" data-end=\"2624\">\n<p data-start=\"2583\" data-end=\"2624\">Zakazivanje i potvrdu termina u klinici<\/p>\n<\/li>\n<li data-start=\"2625\" data-end=\"2677\">\n<p data-start=\"2627\" data-end=\"2677\">Odgovaranje na va\u0161e upite i pru\u017eanje informacija<\/p>\n<\/li>\n<li data-start=\"2678\" data-end=\"2730\">\n<p data-start=\"2680\" data-end=\"2730\">Analizu kori\u0161\u0107enja sajta radi unapre\u0111enja usluga<\/p>\n<\/li>\n<li data-start=\"2731\" data-end=\"2791\">\n<p data-start=\"2733\" data-end=\"2791\">Prikazivanje relevantnih oglasa i pra\u0107enje njihovog uspeha<\/p>\n<\/li>\n<\/ul>\n<p data-start=\"2793\" data-end=\"2819\"><strong>Sa kim delimo podatke?<\/strong><\/p>\n<p data-start=\"2821\" data-end=\"2891\">Va\u0161i li\u010dni podaci se ne prodaju niti dele sa tre\u0107im stranama, osim sa:<\/p>\n<ul data-start=\"2893\" data-end=\"3087\">\n<li data-start=\"2893\" data-end=\"3040\">\n<p data-start=\"2895\" data-end=\"3040\">Pouzdanim partnerima (npr. Google, Facebook) koji obra\u0111uju podatke isklju\u010divo u skladu sa na\u0161im instrukcijama i u svrhu ogla\u0161avanja i analitike<\/p>\n<\/li>\n<li data-start=\"3041\" data-end=\"3087\">\n<p data-start=\"3043\" data-end=\"3087\">Zakonskim organima, ukoliko to zakon zahteva<\/p>\n<\/li>\n<\/ul>\n<p data-start=\"3089\" data-end=\"3113\"><strong>Va\u0161a prava po GDPR-u<\/strong><\/p>\n<p data-start=\"3115\" data-end=\"3130\">Imate pravo da:<\/p>\n<ul data-start=\"3132\" data-end=\"3353\">\n<li data-start=\"3132\" data-end=\"3169\">\n<p data-start=\"3134\" data-end=\"3169\">Zatra\u017eite pristup svojim podacima<\/p>\n<\/li>\n<li data-start=\"3170\" data-end=\"3214\">\n<p data-start=\"3172\" data-end=\"3214\">Zatra\u017eite ispravku ili brisanje podataka<\/p>\n<\/li>\n<li data-start=\"3215\" data-end=\"3264\">\n<p data-start=\"3217\" data-end=\"3264\">Ograni\u010dite ili prigovorite na obradu podataka<\/p>\n<\/li>\n<li data-start=\"3265\" data-end=\"3292\">\n<p data-start=\"3267\" data-end=\"3292\">Prenesete svoje podatke<\/p>\n<\/li>\n<li data-start=\"3293\" data-end=\"3353\">\n<p data-start=\"3295\" data-end=\"3353\">Povu\u010dete saglasnost za obradu podataka u bilo kom trenutku<\/p>\n<\/li>\n<\/ul>\n<p data-start=\"3355\" data-end=\"3433\">Za ostvarivanje ovih prava kontaktirajte nas na: office<a class=\"cursor-pointer\" rel=\"noopener\">@markovdental.com<\/a><\/p>\n<p data-start=\"3435\" data-end=\"3457\"><strong>Sigurnost podataka<\/strong><\/p>\n<p data-start=\"3459\" data-end=\"3593\">Preduzimamo sve potrebne tehni\u010dke i organizacione mere kako bismo za\u0161titili va\u0161e podatke od neovla\u0161\u0107enog pristupa, izmene ili gubitka.<\/p>\n<hr data-start=\"3595\" data-end=\"3598\" \/>\n<p>\u00a0<\/p>\n<p data-start=\"3600\" data-end=\"3751\"><strong data-start=\"3600\" data-end=\"3624\">Markov Dental Clinic<\/strong> zadr\u017eava pravo da povremeno a\u017eurira ovu politiku privatnosti i kola\u010di\u0107a. Svaka zna\u010dajna promena bi\u0107e jasno istaknuta na sajtu.<\/p>\t\t\t\t\t\t\t\t<\/div>\n\t\t\t\t<\/div>\n\t\t\t\t\t<\/div>\n\t\t\t\t<\/div>\n\t\t\t\t<\/div>\n\t\t","protected":false},"excerpt":{"rendered":"<p>Markov Dental Clinic Politike privatnosti i kola\u010di\u0107a Politika kola\u010di\u0107a (Cookie Policy) Markov Dental Clinic (u daljem tekstu: \u201eMi\u201c ili \u201eNa\u0161 sajt\u201c) koristi kola\u010di\u0107e i&#8230;<\/p>","protected":false},"author":1,"featured_media":0,"parent":0,"menu_order":0,"comment_status":"closed","ping_status":"closed","template":"","meta":{"_acf_changed":false,"footnotes":""},"class_list":["post-27","page","type-page","status-publish","hentry"],"acf":[],"_links":{"self":[{"href":"https:\/\/markovdental.com\/en\/wp-json\/wp\/v2\/pages\/27","targetHints":{"allow":["GET"]}}],"collection":[{"href":"https:\/\/markovdental.com\/en\/wp-json\/wp\/v2\/pages"}],"about":[{"href":"https:\/\/markovdental.com\/en\/wp-json\/wp\/v2\/types\/page"}],"author":[{"embeddable":true,"href":"https:\/\/markovdental.com\/en\/wp-json\/wp\/v2\/users\/1"}],"replies":[{"embeddable":true,"href":"https:\/\/markovdental.com\/en\/wp-json\/wp\/v2\/comments?post=27"}],"version-history":[{"count":9,"href":"https:\/\/markovdental.com\/en\/wp-json\/wp\/v2\/pages\/27\/revisions"}],"predecessor-version":[{"id":3271,"href":"https:\/\/markovdental.com\/en\/wp-json\/wp\/v2\/pages\/27\/revisions\/3271"}],"wp:attachment":[{"href":"https:\/\/markovdental.com\/en\/wp-json\/wp\/v2\/media?parent=27"}],"curies":[{"name":"wp","href":"https:\/\/api.w.org\/{rel}","templated":true}]}}